{"id":7,"date":"2022-12-28T23:18:37","date_gmt":"2022-12-28T23:18:37","guid":{"rendered":"https:\/\/smscoin.ch\/?page_id=7"},"modified":"2022-12-29T00:21:42","modified_gmt":"2022-12-28T23:21:42","slug":"was-ist-sms-coin","status":"publish","type":"page","link":"https:\/\/smscoin.ch\/","title":{"rendered":"Was ist SMS Coin"},"content":{"rendered":"\n<p>SMSCoin ist ein Zahlungssystem, das es erm\u00f6glicht, Zahlungen per SMS oder Anruf zu t\u00e4tigen. Es wird haupts\u00e4chlich f\u00fcr die Bezahlung von Diensten und Produkten im Internet verwendet. Um mit SMSCoin zu bezahlen, m\u00fcssen Sie eine SMS oder einen Anruf an eine bestimmte Nummer senden und den von SMSCoin angegebenen Betrag \u00fcberweisen. Die Zahlung wird dann von Ihrem Mobilfunkanbieter abgebucht und an SMSCoin weitergeleitet, von wo aus sie an den Verk\u00e4ufer oder Dienstanbieter weitergeleitet wird.<\/p>\n\n\n\n<figure class=\"wp-block-image size-large\"><a href=\"https:\/\/livestrip.com\/girlinfo\/LiliMaus?ADR=wp107e97dc\" target=\"_blank\" rel=\"noreferrer noopener\"><img loading=\"lazy\" decoding=\"async\" width=\"1024\" height=\"768\" src=\"https:\/\/smscoin.ch\/wp-content\/uploads\/2022\/12\/LiliMaus-2-1024x768.png\" alt=\"\" class=\"wp-image-11\" srcset=\"https:\/\/smscoin.ch\/wp-content\/uploads\/2022\/12\/LiliMaus-2-1024x768.png 1024w, https:\/\/smscoin.ch\/wp-content\/uploads\/2022\/12\/LiliMaus-2-300x225.png 300w, https:\/\/smscoin.ch\/wp-content\/uploads\/2022\/12\/LiliMaus-2-768x576.png 768w, https:\/\/smscoin.ch\/wp-content\/uploads\/2022\/12\/LiliMaus-2-1536x1152.png 1536w, https:\/\/smscoin.ch\/wp-content\/uploads\/2022\/12\/LiliMaus-2.png 1920w\" sizes=\"auto, (max-width: 1024px) 100vw, 1024px\" \/><\/a><\/figure>\n\n\n\n<p>Einer der Vorteile von SMSCoin ist, dass es eine schnelle und einfache M\u00f6glichkeit ist, Zahlungen zu t\u00e4tigen, insbesondere in L\u00e4ndern, in denen die Verbreitung von Kreditkarten oder anderen Zahlungssystemen geringer ist. Es ist auch eine bequeme Option f\u00fcr Menschen, die keine Kreditkarte besitzen oder keinen Zugang zu anderen Zahlungssystemen haben. Allerdings gibt es auch einige Nachteile, wie zum Beispiel h\u00f6here Geb\u00fchren im Vergleich zu anderen Zahlungsmethoden und die Tatsache, dass es nur f\u00fcr Zahlungen im Internet verwendet werden kann.<\/p>\n\n\n\n<p><strong>Weitere Informationen zu SMSCoin:<\/strong><\/p>\n\n\n\n<p>SMSCoin wurde 2004 gegr\u00fcndet und ist ein Tochterunternehmen der russischen Firma Mobile TeleSystems (MTS).<br>SMSCoin ist in vielen L\u00e4ndern weltweit verf\u00fcgbar, darunter Russland, den USA, Kanada, Europa und Asien.<br>Das System unterst\u00fctzt verschiedene W\u00e4hrungen, darunter US-Dollar, Euro, Rubel und andere.<br>SMSCoin wird haupts\u00e4chlich f\u00fcr die Bezahlung von Diensten im Internet verwendet, wie zum Beispiel f\u00fcr Online-Spiele, Musik- und Video-Streaming-Dienste, soziale Netzwerke und andere. Es wird auch in einigen Einzelhandelsgesch\u00e4ften akzeptiert.<br>SMSCoin bietet auch eine API (Application Programming Interface) an, die es Unternehmen erm\u00f6glicht, das Zahlungssystem in ihre eigenen Anwendungen und Websites zu integrieren.<br>Das Unternehmen bietet auch Dienste f\u00fcr den E-Commerce und den Handel mit Digitalg\u00fctern an, wie zum Beispiel f\u00fcr den Kauf und Verkauf von In-Game-W\u00e4hrungen.<br>Insgesamt ist SMSCoin ein bequemes und einfaches Zahlungssystem, das vor allem f\u00fcr die Bezahlung von Diensten im Internet verwendet wird. Es bietet eine schnelle und einfache M\u00f6glichkeit, Zahlungen zu t\u00e4tigen, hat aber auch einige Nachteile, wie zum Beispiel h\u00f6here Geb\u00fchren im Vergleich zu anderen Zahlungsmethoden.<\/p>\n","protected":false},"excerpt":{"rendered":"<p>SMSCoin ist ein Zahlungssystem, das es erm\u00f6glicht, Zahlungen per SMS oder Anruf zu t\u00e4tigen. Es wird haupts\u00e4chlich f\u00fcr die Bezahlung von Diensten und Produkten im Internet verwendet. Um mit SMSCoin zu bezahlen, m\u00fcssen Sie eine SMS oder einen Anruf an eine bestimmte Nummer senden und den von SMSCoin angegebenen Betrag \u00fcberweisen. Die Zahlung wird dann [&hellip;]<\/p>\n","protected":false},"author":1,"featured_media":0,"parent":0,"menu_order":0,"comment_status":"closed","ping_status":"closed","template":"","meta":{"footnotes":""},"class_list":["post-7","page","type-page","status-publish","hentry"],"_links":{"self":[{"href":"https:\/\/smscoin.ch\/index.php\/wp-json\/wp\/v2\/pages\/7","targetHints":{"allow":["GET"]}}],"collection":[{"href":"https:\/\/smscoin.ch\/index.php\/wp-json\/wp\/v2\/pages"}],"about":[{"href":"https:\/\/smscoin.ch\/index.php\/wp-json\/wp\/v2\/types\/page"}],"author":[{"embeddable":true,"href":"https:\/\/smscoin.ch\/index.php\/wp-json\/wp\/v2\/users\/1"}],"replies":[{"embeddable":true,"href":"https:\/\/smscoin.ch\/index.php\/wp-json\/wp\/v2\/comments?post=7"}],"version-history":[{"count":2,"href":"https:\/\/smscoin.ch\/index.php\/wp-json\/wp\/v2\/pages\/7\/revisions"}],"predecessor-version":[{"id":13,"href":"https:\/\/smscoin.ch\/index.php\/wp-json\/wp\/v2\/pages\/7\/revisions\/13"}],"wp:attachment":[{"href":"https:\/\/smscoin.ch\/index.php\/wp-json\/wp\/v2\/media?parent=7"}],"curies":[{"name":"wp","href":"https:\/\/api.w.org\/{rel}","templated":true}]}}