{"id":14,"date":"2022-12-29T00:29:38","date_gmt":"2022-12-28T23:29:38","guid":{"rendered":"https:\/\/smscoin.ch\/?page_id=14"},"modified":"2022-12-29T00:29:38","modified_gmt":"2022-12-28T23:29:38","slug":"die-vorteile-von-sms-coin","status":"publish","type":"page","link":"https:\/\/smscoin.ch\/index.php\/die-vorteile-von-sms-coin\/","title":{"rendered":"Die Vorteile von SMS Coin"},"content":{"rendered":"\n<p>Es gibt einige Vorteile von SMSCoin im Vergleich zu Kreditkarten, die f\u00fcr manche Menschen wichtig sein k\u00f6nnten:<\/p>\n\n\n\n<p>Einfache Nutzung: SMSCoin ist sehr einfach zu verwenden, da es nur eine SMS oder einen Anruf erfordert, um eine Zahlung zu t\u00e4tigen. Im Vergleich dazu k\u00f6nnen Kreditkarten eine l\u00e4ngere Registrierung und \u00dcberpr\u00fcfung erfordern.<\/p>\n\n\n\n<figure class=\"wp-block-image size-full\"><a href=\"https:\/\/livestrip.com\/girlinfo\/LiaEngel?ADR=wp107e97dc\" target=\"_blank\" rel=\"noreferrer noopener\"><img loading=\"lazy\" decoding=\"async\" width=\"640\" height=\"480\" src=\"https:\/\/smscoin.ch\/wp-content\/uploads\/2022\/12\/LiaEngel-1.png\" alt=\"\" class=\"wp-image-10\" srcset=\"https:\/\/smscoin.ch\/wp-content\/uploads\/2022\/12\/LiaEngel-1.png 640w, https:\/\/smscoin.ch\/wp-content\/uploads\/2022\/12\/LiaEngel-1-300x225.png 300w\" sizes=\"auto, (max-width: 640px) 100vw, 640px\" \/><\/a><\/figure>\n\n\n\n<p>Verf\u00fcgbarkeit: SMSCoin ist in vielen L\u00e4ndern weltweit verf\u00fcgbar, auch in L\u00e4ndern, in denen die Verbreitung von Kreditkarten geringer ist. Dies macht es zu einer guten Option f\u00fcr Menschen, die keinen Zugang zu anderen Zahlungsmethoden haben.<\/p>\n\n\n\n<p>Keine Kreditkarte erforderlich: Um mit SMSCoin zu bezahlen, ben\u00f6tigen Sie keine Kreditkarte. Dies kann f\u00fcr Menschen attraktiv sein, die keine Kreditkarte besitzen oder nicht in der Lage sind, eine zu bekommen.<\/p>\n\n\n\n<p>Geringere Betrugsrisiken: Im Vergleich zu Kreditkarten bietet SMSCoin ein geringeres Betrugsrisiko, da die Zahlungen direkt von Ihrem Mobilfunkanbieter abgebucht werden und nicht \u00fcber eine Kreditkarte erfolgen.<\/p>\n\n\n\n<p>Keine Kreditkartengeb\u00fchren: SMSCoin verlangt keine Geb\u00fchren f\u00fcr die Verwendung der Zahlungsmethode, w\u00e4hrend Kreditkarten manchmal Geb\u00fchren f\u00fcr den Kauf von Diensten oder Produkten im Internet erheben.<\/p>\n\n\n\n<p>Allerdings gibt es auch einige Nachteile von SMSCoin im Vergleich zu Kreditkarten:<\/p>\n\n\n\n<p>Geb\u00fchren: SMSCoin erhebt in der Regel h\u00f6here Geb\u00fchren f\u00fcr die Verwendung des Zahlungssystems als Kreditkarten. Dies kann insbesondere bei gr\u00f6\u00dferen Betr\u00e4gen zu einem Nachteil werden.<\/p>\n\n\n\n<p>Einschr\u00e4nkungen: SMSCoin kann nur f\u00fcr Zahlungen im Internet verwendet werden, w\u00e4hrend Kreditkarten in der Regel auch in Einzelhandelsgesch\u00e4ften und anderen Orten akzeptiert werden.<\/p>\n\n\n\n<p>Kreditkarten bieten einen Schutz: Kreditkarten bieten in der Regel einen Schutz gegen Betrug und andere Risiken, wie zum Beispiel R\u00fcckerstattungen bei nicht erbrachten Diensten oder besch\u00e4digten Produkten. Diese Art von Schutz ist bei SMSCoin nicht verf\u00fcgbar.<\/p>\n\n\n\n<p>Keine M\u00f6glichkeit, einen Kredit aufzunehmen: Kreditkarten erm\u00f6glichen es, Geld aufzunehmen und zu einem sp\u00e4teren Zeitpunkt zur\u00fcckzuzahlen. SMSCoin bietet keine solche M\u00f6glichkeit.<\/p>\n\n\n\n<p>Insgesamt bietet SMSCoin einige Vorteile im Vergleich zu Kreditkarten, wie zum Beispiel eine einfache Nutzung und Verf\u00fcgbarkeit. Allerdings gibt es auch einige Nachteile, wie h\u00f6here Geb\u00fchren und Einschr\u00e4nkungen bei der Verwendung. Es ist wichtig, die Vor- und Nachteile beider Zahlungsmethoden zu vergleichen.<\/p>\n\n\n\n<p>Einige weitere Aspekte, die bei der Entscheidung zwischen SMSCoin und Kreditkarten ber\u00fccksichtigt werden sollten, sind:<\/p>\n\n\n\n<p>Verf\u00fcgbarkeit: Wenn Sie in einem Land leben, in dem SMSCoin nicht verf\u00fcgbar ist oder in dem die Verbreitung von Kreditkarten h\u00f6her ist, k\u00f6nnte die Wahl einer anderen Zahlungsmethode sinnvoller sein.<\/p>\n\n\n\n<p>Zweck der Zahlung: SMSCoin ist haupts\u00e4chlich f\u00fcr Zahlungen im Internet geeignet, w\u00e4hrend Kreditkarten auch in Einzelhandelsgesch\u00e4ften und anderen Orten akzeptiert werden. Wenn Sie vorhaben, haupts\u00e4chlich im Internet zu bezahlen, k\u00f6nnte SMSCoin eine geeignete Option sein, w\u00e4hrend Kreditkarten f\u00fcr andere Zwecke besser geeignet sein k\u00f6nnten.<\/p>\n\n\n\n<p>Kosten: SMSCoin erhebt in der Regel h\u00f6here Geb\u00fchren als Kreditkarten. Wenn Sie vorhaben, gr\u00f6\u00dfere Betr\u00e4ge auszugeben, sollten Sie sich \u00fcberlegen, ob SMSCoin die kosteng\u00fcnstigere Option ist.<\/p>\n\n\n\n<p>Sicherheit: Kreditkarten bieten in der Regel einen Schutz gegen Betrug und andere Risiken, wie zum Beispiel R\u00fcckerstattungen bei nicht erbrachten Diensten oder besch\u00e4digten Produkten. Wenn Sie sich Sorgen um die Sicherheit Ihrer Zahlungen machen, k\u00f6nnten Kreditkarten eine bessere Option sein.<\/p>\n\n\n\n<p>Insgesamt gibt es viele Faktoren, die bei der Entscheidung zwischen SMSCoin und Kreditkarte in Betracht gezogen werden m\u00fcssen.<\/p>\n","protected":false},"excerpt":{"rendered":"<p>Es gibt einige Vorteile von SMSCoin im Vergleich zu Kreditkarten, die f\u00fcr manche Menschen wichtig sein k\u00f6nnten: Einfache Nutzung: SMSCoin ist sehr einfach zu verwenden, da es nur eine SMS oder einen Anruf erfordert, um eine Zahlung zu t\u00e4tigen. Im Vergleich dazu k\u00f6nnen Kreditkarten eine l\u00e4ngere Registrierung und \u00dcberpr\u00fcfung erfordern. Verf\u00fcgbarkeit: SMSCoin ist in vielen [&hellip;]<\/p>\n","protected":false},"author":1,"featured_media":0,"parent":0,"menu_order":0,"comment_status":"closed","ping_status":"closed","template":"","meta":{"footnotes":""},"class_list":["post-14","page","type-page","status-publish","hentry"],"_links":{"self":[{"href":"https:\/\/smscoin.ch\/index.php\/wp-json\/wp\/v2\/pages\/14","targetHints":{"allow":["GET"]}}],"collection":[{"href":"https:\/\/smscoin.ch\/index.php\/wp-json\/wp\/v2\/pages"}],"about":[{"href":"https:\/\/smscoin.ch\/index.php\/wp-json\/wp\/v2\/types\/page"}],"author":[{"embeddable":true,"href":"https:\/\/smscoin.ch\/index.php\/wp-json\/wp\/v2\/users\/1"}],"replies":[{"embeddable":true,"href":"https:\/\/smscoin.ch\/index.php\/wp-json\/wp\/v2\/comments?post=14"}],"version-history":[{"count":1,"href":"https:\/\/smscoin.ch\/index.php\/wp-json\/wp\/v2\/pages\/14\/revisions"}],"predecessor-version":[{"id":15,"href":"https:\/\/smscoin.ch\/index.php\/wp-json\/wp\/v2\/pages\/14\/revisions\/15"}],"wp:attachment":[{"href":"https:\/\/smscoin.ch\/index.php\/wp-json\/wp\/v2\/media?parent=14"}],"curies":[{"name":"wp","href":"https:\/\/api.w.org\/{rel}","templated":true}]}}